{"id":5459,"date":"2025-03-18T01:06:54","date_gmt":"2025-03-18T01:06:54","guid":{"rendered":"https:\/\/www.wzouzhuo.com\/?post_type=product&#038;p=5459"},"modified":"2025-07-28T15:05:39","modified_gmt":"2025-07-28T15:05:39","slug":"oz-8132-metallic-fjord-pu","status":"publish","type":"product","link":"https:\/\/www.wzouzhuo.com\/es\/product\/oz-8132-metallic-fjord-pu\/","title":{"rendered":"OZ-8132 Fiordo met\u00e1lico PU"},"content":{"rendered":"<p>La OZ - 8132 tiene un sustrato a base de PU. Sus motivos en relieve se forman adhiriendo una pel\u00edcula met\u00e1lica con un rodillo. Las finas y serpenteantes l\u00edneas de la superficie se asemejan a la geomorfolog\u00eda de un fiordo, retorci\u00e9ndose y girando como si fueran arroyos que acabar\u00e1n desembocando en el mar.<\/p>\n<p>Por su riqueza visual y su clara estratificaci\u00f3n, este art\u00edculo es muy apreciado por los dise\u00f1adores, que encuentran en \u00e9l una gran fuente de inspiraci\u00f3n para sus dise\u00f1os de zapatos y bolsos de se\u00f1ora.<\/p>","protected":false},"excerpt":{"rendered":"<p>Espesor: 0,90 mm<\/p>\n<p>Anchura: 1,37 m<\/p>\n<p>SOPORTE: ALGOD\u00d3N<\/p>\n<p>APLICACI\u00d3N: ZAPATO, BOLSO<\/p>\n<p><em>OZ-8132: H\u00edbrido PU\/met\u00e1lico con texturas en relieve inspiradas en los fiordos. Combina durabilidad y elegancia natural, y es el favorito de los dise\u00f1adores de calzado y bolsos de lujo para mujer.<\/em><\/p>","protected":false},"featured_media":5460,"template":"","meta":{"site-sidebar-layout":"default","site-content-layout":"","ast-site-content-layout":"default","site-content-style":"default","site-sidebar-style":"default","ast-global-header-display":"","ast-banner-title-visibility":"","ast-main-header-display":"","ast-hfb-above-header-display":"","ast-hfb-below-header-display":"","ast-hfb-mobile-header-display":"","site-post-title":"","ast-breadcrumbs-content":"","ast-featured-img":"","footer-sml-layout":"","theme-transparent-header-meta":"default","adv-header-id-meta":"","stick-header-meta":"default","header-above-stick-meta":"","header-main-stick-meta":"","header-below-stick-meta":"","astra-migrate-meta-layouts":"set","ast-page-background-enabled":"default","ast-page-background-meta":{"desktop":{"background-color":"","background-image":"","background-repeat":"repeat","background-position":"center center","background-size":"auto","background-attachment":"scroll","background-type":"","background-media":"","overlay-type":"","overlay-color":"","overlay-opacity":"","overlay-gradient":""},"tablet":{"background-color":"","background-image":"","background-repeat":"repeat","background-position":"center center","background-size":"auto","background-attachment":"scroll","background-type":"","background-media":"","overlay-type":"","overlay-color":"","overlay-opacity":"","overlay-gradient":""},"mobile":{"background-color":"","background-image":"","background-repeat":"repeat","background-position":"center center","background-size":"auto","background-attachment":"scroll","background-type":"","background-media":"","overlay-type":"","overlay-color":"","overlay-opacity":"","overlay-gradient":""}},"ast-content-background-meta":{"desktop":{"background-color":"var(--ast-global-color-5)","background-image":"","background-repeat":"repeat","background-position":"center center","background-size":"auto","background-attachment":"scroll","background-type":"","background-media":"","overlay-type":"","overlay-color":"","overlay-opacity":"","overlay-gradient":""},"tablet":{"background-color":"var(--ast-global-color-5)","background-image":"","background-repeat":"repeat","background-position":"center center","background-size":"auto","background-attachment":"scroll","background-type":"","background-media":"","overlay-type":"","overlay-color":"","overlay-opacity":"","overlay-gradient":""},"mobile":{"background-color":"var(--ast-global-color-5)","background-image":"","background-repeat":"repeat","background-position":"center center","background-size":"auto","background-attachment":"scroll","background-type":"","background-media":"","overlay-type":"","overlay-color":"","overlay-opacity":"","overlay-gradient":""}}},"product_brand":[],"product_cat":[22,66],"product_tag":[],"class_list":{"0":"post-5459","1":"product","2":"type-product","3":"status-publish","4":"has-post-thumbnail","6":"product_cat-synthetic-leather","7":"product_cat-film","8":"desktop-align-center","9":"tablet-align-center","10":"mobile-align-center","11":"ast-product-gallery-layout-vertical-slider","12":"ast-magnify-disabled","13":"ast-product-tabs-layout-horizontal","15":"first","16":"instock","17":"shipping-taxable","18":"product-type-simple"},"_links":{"self":[{"href":"https:\/\/www.wzouzhuo.com\/es\/wp-json\/wp\/v2\/product\/5459","targetHints":{"allow":["GET"]}}],"collection":[{"href":"https:\/\/www.wzouzhuo.com\/es\/wp-json\/wp\/v2\/product"}],"about":[{"href":"https:\/\/www.wzouzhuo.com\/es\/wp-json\/wp\/v2\/types\/product"}],"version-history":[{"count":2,"href":"https:\/\/www.wzouzhuo.com\/es\/wp-json\/wp\/v2\/product\/5459\/revisions"}],"predecessor-version":[{"id":6428,"href":"https:\/\/www.wzouzhuo.com\/es\/wp-json\/wp\/v2\/product\/5459\/revisions\/6428"}],"wp:featuredmedia":[{"embeddable":true,"href":"https:\/\/www.wzouzhuo.com\/es\/wp-json\/wp\/v2\/media\/5460"}],"wp:attachment":[{"href":"https:\/\/www.wzouzhuo.com\/es\/wp-json\/wp\/v2\/media?parent=5459"}],"wp:term":[{"taxonomy":"product_brand","embeddable":true,"href":"https:\/\/www.wzouzhuo.com\/es\/wp-json\/wp\/v2\/product_brand?post=5459"},{"taxonomy":"product_cat","embeddable":true,"href":"https:\/\/www.wzouzhuo.com\/es\/wp-json\/wp\/v2\/product_cat?post=5459"},{"taxonomy":"product_tag","embeddable":true,"href":"https:\/\/www.wzouzhuo.com\/es\/wp-json\/wp\/v2\/product_tag?post=5459"}],"curies":[{"name":"wp","href":"https:\/\/api.w.org\/{rel}","templated":true}]}}