{"id":5276,"date":"2025-03-02T15:34:51","date_gmt":"2025-03-02T15:34:51","guid":{"rendered":"https:\/\/www.wzouzhuo.com\/?post_type=product&#038;p=5276"},"modified":"2025-03-02T15:34:51","modified_gmt":"2025-03-02T15:34:51","slug":"oz-8392-laser-iridescent-fabric","status":"publish","type":"product","link":"https:\/\/www.wzouzhuo.com\/es\/product\/oz-8392-tejido-iridiscente-laser\/","title":{"rendered":"OZ-8392 Tejido iridiscente por l\u00e1ser"},"content":{"rendered":"<p>El tejido OZ-8392 est\u00e1 compuesto por una capa base de fibra ultrafina y una capa laminada de tejido de pel\u00edcula met\u00e1lica. Su superficie est\u00e1 adornada con numerosos pent\u00e1gonos dispuestos en un patr\u00f3n regular, creando un cautivador efecto iridiscente. Adem\u00e1s, se le puede a\u00f1adir un efecto l\u00e1ser que realza a\u00fan m\u00e1s su encanto.<br \/>\nEste producto ha ganado una inmensa popularidad entre las f\u00e1bricas de bolsas debido a su compatibilidad con las superficies tratadas con l\u00e1ser. Actualmente es un art\u00edculo muy solicitado en el mercado.<\/p>","protected":false},"excerpt":{"rendered":"<p><strong>Mezcla de fibra ultrafina y pel\u00edcula met\u00e1lica con motivos de pent\u00e1gonos iridiscentes<\/strong>personalizable con<strong>mejora l\u00e1ser<\/strong>. La mejor opci\u00f3n para<strong>f\u00e1bricas de bolsas<\/strong>-ligeros, duraderos y probados en el mercado para dise\u00f1os de primera calidad.<\/p>\n<p>Grosor: 0,60 mm<\/p>\n<p>Anchura: 1,37 m<\/p>\n<p>SOPORTE: MICROFIBRA<\/p>\n<p>APLICACI\u00d3N: BOLSA<\/p>","protected":false},"featured_media":5277,"template":"","meta":{"site-sidebar-layout":"default","site-content-layout":"","ast-site-content-layout":"default","site-content-style":"default","site-sidebar-style":"default","ast-global-header-display":"","ast-banner-title-visibility":"","ast-main-header-display":"","ast-hfb-above-header-display":"","ast-hfb-below-header-display":"","ast-hfb-mobile-header-display":"","site-post-title":"","ast-breadcrumbs-content":"","ast-featured-img":"","footer-sml-layout":"","theme-transparent-header-meta":"default","adv-header-id-meta":"","stick-header-meta":"default","header-above-stick-meta":"","header-main-stick-meta":"","header-below-stick-meta":"","astra-migrate-meta-layouts":"set","ast-page-background-enabled":"default","ast-page-background-meta":{"desktop":{"background-color":"","background-image":"","background-repeat":"repeat","background-position":"center center","background-size":"auto","background-attachment":"scroll","background-type":"","background-media":"","overlay-type":"","overlay-color":"","overlay-opacity":"","overlay-gradient":""},"tablet":{"background-color":"","background-image":"","background-repeat":"repeat","background-position":"center center","background-size":"auto","background-attachment":"scroll","background-type":"","background-media":"","overlay-type":"","overlay-color":"","overlay-opacity":"","overlay-gradient":""},"mobile":{"background-color":"","background-image":"","background-repeat":"repeat","background-position":"center center","background-size":"auto","background-attachment":"scroll","background-type":"","background-media":"","overlay-type":"","overlay-color":"","overlay-opacity":"","overlay-gradient":""}},"ast-content-background-meta":{"desktop":{"background-color":"var(--ast-global-color-5)","background-image":"","background-repeat":"repeat","background-position":"center center","background-size":"auto","background-attachment":"scroll","background-type":"","background-media":"","overlay-type":"","overlay-color":"","overlay-opacity":"","overlay-gradient":""},"tablet":{"background-color":"var(--ast-global-color-5)","background-image":"","background-repeat":"repeat","background-position":"center center","background-size":"auto","background-attachment":"scroll","background-type":"","background-media":"","overlay-type":"","overlay-color":"","overlay-opacity":"","overlay-gradient":""},"mobile":{"background-color":"var(--ast-global-color-5)","background-image":"","background-repeat":"repeat","background-position":"center center","background-size":"auto","background-attachment":"scroll","background-type":"","background-media":"","overlay-type":"","overlay-color":"","overlay-opacity":"","overlay-gradient":""}}},"product_brand":[],"product_cat":[22,65],"product_tag":[],"class_list":{"0":"post-5276","1":"product","2":"type-product","3":"status-publish","4":"has-post-thumbnail","6":"product_cat-synthetic-leather","7":"product_cat-bag","8":"desktop-align-center","9":"tablet-align-center","10":"mobile-align-center","11":"ast-product-gallery-layout-vertical-slider","12":"ast-magnify-disabled","13":"ast-product-tabs-layout-horizontal","15":"first","16":"instock","17":"shipping-taxable","18":"product-type-simple"},"_links":{"self":[{"href":"https:\/\/www.wzouzhuo.com\/es\/wp-json\/wp\/v2\/product\/5276","targetHints":{"allow":["GET"]}}],"collection":[{"href":"https:\/\/www.wzouzhuo.com\/es\/wp-json\/wp\/v2\/product"}],"about":[{"href":"https:\/\/www.wzouzhuo.com\/es\/wp-json\/wp\/v2\/types\/product"}],"version-history":[{"count":1,"href":"https:\/\/www.wzouzhuo.com\/es\/wp-json\/wp\/v2\/product\/5276\/revisions"}],"predecessor-version":[{"id":5280,"href":"https:\/\/www.wzouzhuo.com\/es\/wp-json\/wp\/v2\/product\/5276\/revisions\/5280"}],"wp:featuredmedia":[{"embeddable":true,"href":"https:\/\/www.wzouzhuo.com\/es\/wp-json\/wp\/v2\/media\/5277"}],"wp:attachment":[{"href":"https:\/\/www.wzouzhuo.com\/es\/wp-json\/wp\/v2\/media?parent=5276"}],"wp:term":[{"taxonomy":"product_brand","embeddable":true,"href":"https:\/\/www.wzouzhuo.com\/es\/wp-json\/wp\/v2\/product_brand?post=5276"},{"taxonomy":"product_cat","embeddable":true,"href":"https:\/\/www.wzouzhuo.com\/es\/wp-json\/wp\/v2\/product_cat?post=5276"},{"taxonomy":"product_tag","embeddable":true,"href":"https:\/\/www.wzouzhuo.com\/es\/wp-json\/wp\/v2\/product_tag?post=5276"}],"curies":[{"name":"wp","href":"https:\/\/api.w.org\/{rel}","templated":true}]}}