{"id":5260,"date":"2025-03-02T15:07:09","date_gmt":"2025-03-02T15:07:09","guid":{"rendered":"https:\/\/www.wzouzhuo.com\/?post_type=product&#038;p=5260"},"modified":"2025-03-02T15:07:09","modified_gmt":"2025-03-02T15:07:09","slug":"oz-6011-iridescent-metal-fabric","status":"publish","type":"product","link":"https:\/\/www.wzouzhuo.com\/es\/product\/oz-6011-tejido-metalico-iridiscente\/","title":{"rendered":"OZ-6011 Tejido met\u00e1lico iridiscente"},"content":{"rendered":"<p>El OZ-6011 es un tejido compuesto por una capa base de ultramicrofibra con un tejido de pel\u00edcula met\u00e1lica laminado sobre ella. Su superficie est\u00e1 adornada con numerosas peque\u00f1as formas ovaladas dispuestas en un patr\u00f3n regular, creando un cautivador efecto iridiscente.<br \/>\nEste producto tiene una amplia aplicaci\u00f3n en la producci\u00f3n de art\u00edculos de moda femenina y bolsos. Adem\u00e1s, cumple las normas de seguridad y respeto al medio ambiente.<\/p>","protected":false},"excerpt":{"rendered":"<p><strong>Base de ultramicrofibra laminada con pel\u00edcula met\u00e1lica<\/strong>con<strong>motivos ovalados iridiscentes<\/strong>para un brillo llamativo. Ideal para<strong>moda femenina<\/strong>y<strong>bolsos<\/strong>-Respetuoso con el medio ambiente, duradero y conforme a las normas de seguridad.<\/p>\n<p>Grosor: 0,60 mm<\/p>\n<p>Anchura: 1,37 m<\/p>\n<p>SOPORTE: MICROFIBRA<\/p>\n<p>APLICACI\u00d3N: BOLSA<\/p>","protected":false},"featured_media":5264,"template":"","meta":{"site-sidebar-layout":"default","site-content-layout":"","ast-site-content-layout":"default","site-content-style":"default","site-sidebar-style":"default","ast-global-header-display":"","ast-banner-title-visibility":"","ast-main-header-display":"","ast-hfb-above-header-display":"","ast-hfb-below-header-display":"","ast-hfb-mobile-header-display":"","site-post-title":"","ast-breadcrumbs-content":"","ast-featured-img":"","footer-sml-layout":"","theme-transparent-header-meta":"default","adv-header-id-meta":"","stick-header-meta":"default","header-above-stick-meta":"","header-main-stick-meta":"","header-below-stick-meta":"","astra-migrate-meta-layouts":"set","ast-page-background-enabled":"default","ast-page-background-meta":{"desktop":{"background-color":"","background-image":"","background-repeat":"repeat","background-position":"center center","background-size":"auto","background-attachment":"scroll","background-type":"","background-media":"","overlay-type":"","overlay-color":"","overlay-opacity":"","overlay-gradient":""},"tablet":{"background-color":"","background-image":"","background-repeat":"repeat","background-position":"center center","background-size":"auto","background-attachment":"scroll","background-type":"","background-media":"","overlay-type":"","overlay-color":"","overlay-opacity":"","overlay-gradient":""},"mobile":{"background-color":"","background-image":"","background-repeat":"repeat","background-position":"center center","background-size":"auto","background-attachment":"scroll","background-type":"","background-media":"","overlay-type":"","overlay-color":"","overlay-opacity":"","overlay-gradient":""}},"ast-content-background-meta":{"desktop":{"background-color":"var(--ast-global-color-5)","background-image":"","background-repeat":"repeat","background-position":"center center","background-size":"auto","background-attachment":"scroll","background-type":"","background-media":"","overlay-type":"","overlay-color":"","overlay-opacity":"","overlay-gradient":""},"tablet":{"background-color":"var(--ast-global-color-5)","background-image":"","background-repeat":"repeat","background-position":"center center","background-size":"auto","background-attachment":"scroll","background-type":"","background-media":"","overlay-type":"","overlay-color":"","overlay-opacity":"","overlay-gradient":""},"mobile":{"background-color":"var(--ast-global-color-5)","background-image":"","background-repeat":"repeat","background-position":"center center","background-size":"auto","background-attachment":"scroll","background-type":"","background-media":"","overlay-type":"","overlay-color":"","overlay-opacity":"","overlay-gradient":""}}},"product_brand":[],"product_cat":[22,65],"product_tag":[],"class_list":{"0":"post-5260","1":"product","2":"type-product","3":"status-publish","4":"has-post-thumbnail","6":"product_cat-synthetic-leather","7":"product_cat-bag","8":"desktop-align-center","9":"tablet-align-center","10":"mobile-align-center","11":"ast-product-gallery-layout-vertical-slider","12":"ast-magnify-disabled","13":"ast-product-tabs-layout-horizontal","15":"first","16":"instock","17":"shipping-taxable","18":"product-type-simple"},"_links":{"self":[{"href":"https:\/\/www.wzouzhuo.com\/es\/wp-json\/wp\/v2\/product\/5260","targetHints":{"allow":["GET"]}}],"collection":[{"href":"https:\/\/www.wzouzhuo.com\/es\/wp-json\/wp\/v2\/product"}],"about":[{"href":"https:\/\/www.wzouzhuo.com\/es\/wp-json\/wp\/v2\/types\/product"}],"version-history":[{"count":1,"href":"https:\/\/www.wzouzhuo.com\/es\/wp-json\/wp\/v2\/product\/5260\/revisions"}],"predecessor-version":[{"id":5265,"href":"https:\/\/www.wzouzhuo.com\/es\/wp-json\/wp\/v2\/product\/5260\/revisions\/5265"}],"wp:featuredmedia":[{"embeddable":true,"href":"https:\/\/www.wzouzhuo.com\/es\/wp-json\/wp\/v2\/media\/5264"}],"wp:attachment":[{"href":"https:\/\/www.wzouzhuo.com\/es\/wp-json\/wp\/v2\/media?parent=5260"}],"wp:term":[{"taxonomy":"product_brand","embeddable":true,"href":"https:\/\/www.wzouzhuo.com\/es\/wp-json\/wp\/v2\/product_brand?post=5260"},{"taxonomy":"product_cat","embeddable":true,"href":"https:\/\/www.wzouzhuo.com\/es\/wp-json\/wp\/v2\/product_cat?post=5260"},{"taxonomy":"product_tag","embeddable":true,"href":"https:\/\/www.wzouzhuo.com\/es\/wp-json\/wp\/v2\/product_tag?post=5260"}],"curies":[{"name":"wp","href":"https:\/\/api.w.org\/{rel}","templated":true}]}}