{"id":5230,"date":"2025-03-02T14:46:23","date_gmt":"2025-03-02T14:46:23","guid":{"rendered":"https:\/\/www.wzouzhuo.com\/?post_type=product&#038;p=5230"},"modified":"2025-03-02T14:46:23","modified_gmt":"2025-03-02T14:46:23","slug":"oz-8408-metallic-fish-scale-accents","status":"publish","type":"product","link":"https:\/\/www.wzouzhuo.com\/es\/product\/oz-8408-escamas-de-pescado-metalizadas\/","title":{"rendered":"OZ-8408 Detalles met\u00e1licos en forma de escama de pez"},"content":{"rendered":"<p>OZ-8408, se basa en PU Base, el patr\u00f3n de escamas de pescado en relieve est\u00e1 formado por un rodillo conectado a una pel\u00edcula de metal. La pel\u00edcula met\u00e1lica de alta calidad hace que el producto brille con part\u00edculas met\u00e1licas bajo la luz, emitiendo un brillo deslumbrante.<br \/>\nCon un \u00edndice de adopci\u00f3n de 86% en el dise\u00f1o de productos juveniles, los componentes decorativos OZ-8408 demuestran una compatibilidad excepcional en calzado (uso de 32%), accesorios para bolsos (41%) y otros productos de estilo de vida.<\/p>","protected":false},"excerpt":{"rendered":"<p>Una base de PU con un llamativo estampado de escamas de pez en relieve mediante un rodillo recubierto de una pel\u00edcula met\u00e1lica, que crea deslumbrantes destellos met\u00e1licos bajo la luz. Con una tasa de adopci\u00f3n de 86% en dise\u00f1os centrados en los j\u00f3venes, destaca en calzado (32%), accesorios para bolsos (41%) y productos de estilo de vida para un atractivo vers\u00e1til y de gran impacto.<\/p>\n<p>Grosor: 0,80 mm<\/p>\n<p>Anchura: 1,37 m<\/p>\n<p>SOPORTE: ALGOD\u00d3N<\/p>\n<p>APLICACI\u00d3N: BOLSO, MALETA, CINTUR\u00d3N<\/p>","protected":false},"featured_media":5231,"template":"","meta":{"site-sidebar-layout":"default","site-content-layout":"","ast-site-content-layout":"default","site-content-style":"default","site-sidebar-style":"default","ast-global-header-display":"","ast-banner-title-visibility":"","ast-main-header-display":"","ast-hfb-above-header-display":"","ast-hfb-below-header-display":"","ast-hfb-mobile-header-display":"","site-post-title":"","ast-breadcrumbs-content":"","ast-featured-img":"","footer-sml-layout":"","theme-transparent-header-meta":"default","adv-header-id-meta":"","stick-header-meta":"default","header-above-stick-meta":"","header-main-stick-meta":"","header-below-stick-meta":"","astra-migrate-meta-layouts":"set","ast-page-background-enabled":"default","ast-page-background-meta":{"desktop":{"background-color":"","background-image":"","background-repeat":"repeat","background-position":"center center","background-size":"auto","background-attachment":"scroll","background-type":"","background-media":"","overlay-type":"","overlay-color":"","overlay-opacity":"","overlay-gradient":""},"tablet":{"background-color":"","background-image":"","background-repeat":"repeat","background-position":"center center","background-size":"auto","background-attachment":"scroll","background-type":"","background-media":"","overlay-type":"","overlay-color":"","overlay-opacity":"","overlay-gradient":""},"mobile":{"background-color":"","background-image":"","background-repeat":"repeat","background-position":"center center","background-size":"auto","background-attachment":"scroll","background-type":"","background-media":"","overlay-type":"","overlay-color":"","overlay-opacity":"","overlay-gradient":""}},"ast-content-background-meta":{"desktop":{"background-color":"var(--ast-global-color-5)","background-image":"","background-repeat":"repeat","background-position":"center center","background-size":"auto","background-attachment":"scroll","background-type":"","background-media":"","overlay-type":"","overlay-color":"","overlay-opacity":"","overlay-gradient":""},"tablet":{"background-color":"var(--ast-global-color-5)","background-image":"","background-repeat":"repeat","background-position":"center center","background-size":"auto","background-attachment":"scroll","background-type":"","background-media":"","overlay-type":"","overlay-color":"","overlay-opacity":"","overlay-gradient":""},"mobile":{"background-color":"var(--ast-global-color-5)","background-image":"","background-repeat":"repeat","background-position":"center center","background-size":"auto","background-attachment":"scroll","background-type":"","background-media":"","overlay-type":"","overlay-color":"","overlay-opacity":"","overlay-gradient":""}}},"product_brand":[],"product_cat":[22,66],"product_tag":[],"class_list":{"0":"post-5230","1":"product","2":"type-product","3":"status-publish","4":"has-post-thumbnail","6":"product_cat-synthetic-leather","7":"product_cat-film","8":"desktop-align-center","9":"tablet-align-center","10":"mobile-align-center","11":"ast-product-gallery-layout-vertical-slider","12":"ast-magnify-disabled","13":"ast-product-tabs-layout-horizontal","15":"first","16":"instock","17":"shipping-taxable","18":"product-type-simple"},"_links":{"self":[{"href":"https:\/\/www.wzouzhuo.com\/es\/wp-json\/wp\/v2\/product\/5230","targetHints":{"allow":["GET"]}}],"collection":[{"href":"https:\/\/www.wzouzhuo.com\/es\/wp-json\/wp\/v2\/product"}],"about":[{"href":"https:\/\/www.wzouzhuo.com\/es\/wp-json\/wp\/v2\/types\/product"}],"version-history":[{"count":1,"href":"https:\/\/www.wzouzhuo.com\/es\/wp-json\/wp\/v2\/product\/5230\/revisions"}],"predecessor-version":[{"id":5234,"href":"https:\/\/www.wzouzhuo.com\/es\/wp-json\/wp\/v2\/product\/5230\/revisions\/5234"}],"wp:featuredmedia":[{"embeddable":true,"href":"https:\/\/www.wzouzhuo.com\/es\/wp-json\/wp\/v2\/media\/5231"}],"wp:attachment":[{"href":"https:\/\/www.wzouzhuo.com\/es\/wp-json\/wp\/v2\/media?parent=5230"}],"wp:term":[{"taxonomy":"product_brand","embeddable":true,"href":"https:\/\/www.wzouzhuo.com\/es\/wp-json\/wp\/v2\/product_brand?post=5230"},{"taxonomy":"product_cat","embeddable":true,"href":"https:\/\/www.wzouzhuo.com\/es\/wp-json\/wp\/v2\/product_cat?post=5230"},{"taxonomy":"product_tag","embeddable":true,"href":"https:\/\/www.wzouzhuo.com\/es\/wp-json\/wp\/v2\/product_tag?post=5230"}],"curies":[{"name":"wp","href":"https:\/\/api.w.org\/{rel}","templated":true}]}}