{"id":5221,"date":"2025-03-02T14:41:06","date_gmt":"2025-03-02T14:41:06","guid":{"rendered":"https:\/\/www.wzouzhuo.com\/?post_type=product&#038;p=5221"},"modified":"2025-04-28T06:00:54","modified_gmt":"2025-04-28T06:00:54","slug":"oz-8406-metallic-geometric-pu","status":"publish","type":"product","link":"https:\/\/www.wzouzhuo.com\/es\/product\/oz-8406-pu-geometrico-metalico\/","title":{"rendered":"OZ-8406 Geom\u00e9trico met\u00e1lico PU"},"content":{"rendered":"<p>OZ-8406, se basa en PU Base, el relieve se forma mediante un rodillo conectado a una pel\u00edcula met\u00e1lica. La capa de base emplea un tejido de trama de alta densidad, que le confiere una textura lujosamente suave y ce\u00f1ida a la piel. En su superficie, elaborados patrones lineales serpentean como v\u00edas urbanas, entrecruz\u00e1ndose en un ballet geom\u00e9trico que atrapa la mirada. Las iteraciones Color 01 y Color 02 presentan un acabado grabado con l\u00e1ser que, bajo la luz solar, estalla en una sinfon\u00eda crom\u00e1tica.<\/p>\n<p>El lujoso acabado met\u00e1lico de este producto, meticulosamente integrado en los dise\u00f1os de bolsos de mujer, crea un cautivador juego de luces y texturas. El fresco brillo de su superficie, que recuerda a la plata pulida, irradia una discreta opulencia y ofrece una experiencia t\u00e1ctil irresistiblemente seductora.<\/p>","protected":false},"excerpt":{"rendered":"<p><strong>Punto PU ultrasuave de alta densidad<\/strong>con<strong>relieve geom\u00e9trico met\u00e1lico<\/strong>Acabado con l\u00e1ser para conseguir cambios de color din\u00e1micos a la luz del sol. Con motivos lineales de inspiraci\u00f3n urbana y un lujoso brillo met\u00e1lico, ideal para<strong>bolsos de mujer<\/strong>y accesorios de primera calidad. Ligeros, duraderos y opulentos al tacto.<\/p>\n<p>Espesor: 0,70 mm<\/p>\n<p>Anchura: 1,37 m<\/p>\n<p>SOPORTE: EL\u00c1STICO<\/p>\n<p>APLICACI\u00d3N: BOLSO, ZAPATO<\/p>","protected":false},"featured_media":5223,"template":"","meta":{"site-sidebar-layout":"default","site-content-layout":"","ast-site-content-layout":"default","site-content-style":"default","site-sidebar-style":"default","ast-global-header-display":"","ast-banner-title-visibility":"","ast-main-header-display":"","ast-hfb-above-header-display":"","ast-hfb-below-header-display":"","ast-hfb-mobile-header-display":"","site-post-title":"","ast-breadcrumbs-content":"","ast-featured-img":"","footer-sml-layout":"","theme-transparent-header-meta":"default","adv-header-id-meta":"","stick-header-meta":"default","header-above-stick-meta":"","header-main-stick-meta":"","header-below-stick-meta":"","astra-migrate-meta-layouts":"set","ast-page-background-enabled":"default","ast-page-background-meta":{"desktop":{"background-color":"","background-image":"","background-repeat":"repeat","background-position":"center center","background-size":"auto","background-attachment":"scroll","background-type":"","background-media":"","overlay-type":"","overlay-color":"","overlay-opacity":"","overlay-gradient":""},"tablet":{"background-color":"","background-image":"","background-repeat":"repeat","background-position":"center center","background-size":"auto","background-attachment":"scroll","background-type":"","background-media":"","overlay-type":"","overlay-color":"","overlay-opacity":"","overlay-gradient":""},"mobile":{"background-color":"","background-image":"","background-repeat":"repeat","background-position":"center center","background-size":"auto","background-attachment":"scroll","background-type":"","background-media":"","overlay-type":"","overlay-color":"","overlay-opacity":"","overlay-gradient":""}},"ast-content-background-meta":{"desktop":{"background-color":"var(--ast-global-color-5)","background-image":"","background-repeat":"repeat","background-position":"center center","background-size":"auto","background-attachment":"scroll","background-type":"","background-media":"","overlay-type":"","overlay-color":"","overlay-opacity":"","overlay-gradient":""},"tablet":{"background-color":"var(--ast-global-color-5)","background-image":"","background-repeat":"repeat","background-position":"center center","background-size":"auto","background-attachment":"scroll","background-type":"","background-media":"","overlay-type":"","overlay-color":"","overlay-opacity":"","overlay-gradient":""},"mobile":{"background-color":"var(--ast-global-color-5)","background-image":"","background-repeat":"repeat","background-position":"center center","background-size":"auto","background-attachment":"scroll","background-type":"","background-media":"","overlay-type":"","overlay-color":"","overlay-opacity":"","overlay-gradient":""}}},"product_brand":[],"product_cat":[22,66],"product_tag":[],"class_list":{"0":"post-5221","1":"product","2":"type-product","3":"status-publish","4":"has-post-thumbnail","6":"product_cat-synthetic-leather","7":"product_cat-film","8":"desktop-align-center","9":"tablet-align-center","10":"mobile-align-center","11":"ast-product-gallery-layout-vertical-slider","12":"ast-magnify-disabled","13":"ast-product-tabs-layout-horizontal","15":"first","16":"instock","17":"shipping-taxable","18":"product-type-simple"},"_links":{"self":[{"href":"https:\/\/www.wzouzhuo.com\/es\/wp-json\/wp\/v2\/product\/5221","targetHints":{"allow":["GET"]}}],"collection":[{"href":"https:\/\/www.wzouzhuo.com\/es\/wp-json\/wp\/v2\/product"}],"about":[{"href":"https:\/\/www.wzouzhuo.com\/es\/wp-json\/wp\/v2\/types\/product"}],"version-history":[{"count":1,"href":"https:\/\/www.wzouzhuo.com\/es\/wp-json\/wp\/v2\/product\/5221\/revisions"}],"predecessor-version":[{"id":5225,"href":"https:\/\/www.wzouzhuo.com\/es\/wp-json\/wp\/v2\/product\/5221\/revisions\/5225"}],"wp:featuredmedia":[{"embeddable":true,"href":"https:\/\/www.wzouzhuo.com\/es\/wp-json\/wp\/v2\/media\/5223"}],"wp:attachment":[{"href":"https:\/\/www.wzouzhuo.com\/es\/wp-json\/wp\/v2\/media?parent=5221"}],"wp:term":[{"taxonomy":"product_brand","embeddable":true,"href":"https:\/\/www.wzouzhuo.com\/es\/wp-json\/wp\/v2\/product_brand?post=5221"},{"taxonomy":"product_cat","embeddable":true,"href":"https:\/\/www.wzouzhuo.com\/es\/wp-json\/wp\/v2\/product_cat?post=5221"},{"taxonomy":"product_tag","embeddable":true,"href":"https:\/\/www.wzouzhuo.com\/es\/wp-json\/wp\/v2\/product_tag?post=5221"}],"curies":[{"name":"wp","href":"https:\/\/api.w.org\/{rel}","templated":true}]}}