{"id":5210,"date":"2025-03-02T14:34:34","date_gmt":"2025-03-02T14:34:34","guid":{"rendered":"https:\/\/www.wzouzhuo.com\/?post_type=product&#038;p=5210"},"modified":"2025-03-02T14:34:35","modified_gmt":"2025-03-02T14:34:35","slug":"oz-8364-vibrant-kid-friendly-laminate","status":"publish","type":"product","link":"https:\/\/www.wzouzhuo.com\/es\/product\/oz-8364-laminado-vibrant-kid-friendly\/","title":{"rendered":"OZ-8364 Laminado vibrante apto para ni\u00f1os"},"content":{"rendered":"<p>OZ-8364, se basa en un laminado de base de PU con pel\u00edcula de PVC. El color base es el plata, sobre el que se imprimen digitalmente l\u00edneas multicolores y sinuosas que se asemejan a cejas arqueadas y desprenden un encanto irresistiblemente juguet\u00f3n y entra\u00f1able.<br \/>\nEste producto se emplea habitualmente en calzado infantil, mochilas y aplicaciones decorativas, a\u00f1adiendo m\u00e1s color a la vida.<\/p>","protected":false},"excerpt":{"rendered":"<p>combina un laminado PU\/PVC duradero en color plata, con vibrantes y sinuosos estampados digitales que imitan cejas arqueadas para un encanto juguet\u00f3n. Ideal para calzado infantil, mochilas y decoraci\u00f3n, a\u00f1ade un color vivo a los dise\u00f1os cotidianos.<\/p>\n<p>Espesor: 0,90 mm<\/p>\n<p>Anchura: 1,37 m<\/p>\n<p>SOPORTE: ALGOD\u00d3N<\/p>\n<p>APLICACI\u00d3N: ZAPATO, BOLSO<\/p>","protected":false},"featured_media":5212,"template":"","meta":{"site-sidebar-layout":"default","site-content-layout":"","ast-site-content-layout":"default","site-content-style":"default","site-sidebar-style":"default","ast-global-header-display":"","ast-banner-title-visibility":"","ast-main-header-display":"","ast-hfb-above-header-display":"","ast-hfb-below-header-display":"","ast-hfb-mobile-header-display":"","site-post-title":"","ast-breadcrumbs-content":"","ast-featured-img":"","footer-sml-layout":"","theme-transparent-header-meta":"default","adv-header-id-meta":"","stick-header-meta":"default","header-above-stick-meta":"","header-main-stick-meta":"","header-below-stick-meta":"","astra-migrate-meta-layouts":"set","ast-page-background-enabled":"default","ast-page-background-meta":{"desktop":{"background-color":"","background-image":"","background-repeat":"repeat","background-position":"center center","background-size":"auto","background-attachment":"scroll","background-type":"","background-media":"","overlay-type":"","overlay-color":"","overlay-opacity":"","overlay-gradient":""},"tablet":{"background-color":"","background-image":"","background-repeat":"repeat","background-position":"center center","background-size":"auto","background-attachment":"scroll","background-type":"","background-media":"","overlay-type":"","overlay-color":"","overlay-opacity":"","overlay-gradient":""},"mobile":{"background-color":"","background-image":"","background-repeat":"repeat","background-position":"center center","background-size":"auto","background-attachment":"scroll","background-type":"","background-media":"","overlay-type":"","overlay-color":"","overlay-opacity":"","overlay-gradient":""}},"ast-content-background-meta":{"desktop":{"background-color":"var(--ast-global-color-5)","background-image":"","background-repeat":"repeat","background-position":"center center","background-size":"auto","background-attachment":"scroll","background-type":"","background-media":"","overlay-type":"","overlay-color":"","overlay-opacity":"","overlay-gradient":""},"tablet":{"background-color":"var(--ast-global-color-5)","background-image":"","background-repeat":"repeat","background-position":"center center","background-size":"auto","background-attachment":"scroll","background-type":"","background-media":"","overlay-type":"","overlay-color":"","overlay-opacity":"","overlay-gradient":""},"mobile":{"background-color":"var(--ast-global-color-5)","background-image":"","background-repeat":"repeat","background-position":"center center","background-size":"auto","background-attachment":"scroll","background-type":"","background-media":"","overlay-type":"","overlay-color":"","overlay-opacity":"","overlay-gradient":""}}},"product_brand":[],"product_cat":[22,66],"product_tag":[],"class_list":{"0":"post-5210","1":"product","2":"type-product","3":"status-publish","4":"has-post-thumbnail","6":"product_cat-synthetic-leather","7":"product_cat-film","8":"desktop-align-center","9":"tablet-align-center","10":"mobile-align-center","11":"ast-product-gallery-layout-vertical-slider","12":"ast-magnify-disabled","13":"ast-product-tabs-layout-horizontal","15":"first","16":"instock","17":"shipping-taxable","18":"product-type-simple"},"_links":{"self":[{"href":"https:\/\/www.wzouzhuo.com\/es\/wp-json\/wp\/v2\/product\/5210","targetHints":{"allow":["GET"]}}],"collection":[{"href":"https:\/\/www.wzouzhuo.com\/es\/wp-json\/wp\/v2\/product"}],"about":[{"href":"https:\/\/www.wzouzhuo.com\/es\/wp-json\/wp\/v2\/types\/product"}],"version-history":[{"count":1,"href":"https:\/\/www.wzouzhuo.com\/es\/wp-json\/wp\/v2\/product\/5210\/revisions"}],"predecessor-version":[{"id":5214,"href":"https:\/\/www.wzouzhuo.com\/es\/wp-json\/wp\/v2\/product\/5210\/revisions\/5214"}],"wp:featuredmedia":[{"embeddable":true,"href":"https:\/\/www.wzouzhuo.com\/es\/wp-json\/wp\/v2\/media\/5212"}],"wp:attachment":[{"href":"https:\/\/www.wzouzhuo.com\/es\/wp-json\/wp\/v2\/media?parent=5210"}],"wp:term":[{"taxonomy":"product_brand","embeddable":true,"href":"https:\/\/www.wzouzhuo.com\/es\/wp-json\/wp\/v2\/product_brand?post=5210"},{"taxonomy":"product_cat","embeddable":true,"href":"https:\/\/www.wzouzhuo.com\/es\/wp-json\/wp\/v2\/product_cat?post=5210"},{"taxonomy":"product_tag","embeddable":true,"href":"https:\/\/www.wzouzhuo.com\/es\/wp-json\/wp\/v2\/product_tag?post=5210"}],"curies":[{"name":"wp","href":"https:\/\/api.w.org\/{rel}","templated":true}]}}