{"id":5185,"date":"2025-03-02T13:40:19","date_gmt":"2025-03-02T13:40:19","guid":{"rendered":"https:\/\/www.wzouzhuo.com\/?post_type=product&#038;p=5185"},"modified":"2025-04-28T06:01:12","modified_gmt":"2025-04-28T06:01:12","slug":"oz-8122-playful-laminate","status":"publish","type":"product","link":"https:\/\/www.wzouzhuo.com\/es\/product\/oz-8122-laminado-ludico\/","title":{"rendered":"OZ-8122 Laminado juguet\u00f3n"},"content":{"rendered":"<p>OZ-8122, se basa en laminado PU Base con pel\u00edcula de PVC. Con una din\u00e1mica capa base de color degradado con motivos de estrellas en relieve, este dise\u00f1o ofrece una impactante experiencia visual en 3D que evoca la nostalgia de la infancia a la vez que aporta sofisticaci\u00f3n moderna.<\/p>\n<p>OZ-8122 est\u00e1 dise\u00f1ado para aplicaciones espec\u00edficas infantiles, este material es adecuado para calzado pedi\u00e1trico, accesorios educativos e infraestructuras recreativas.<\/p>","protected":false},"excerpt":{"rendered":"<p><strong>Base de PU\/PVC<\/strong>\u00a0+\u00a0<strong>degradados de color din\u00e1micos<\/strong>\u00a0+\u00a0<strong>Estrellas en relieve 3D<\/strong>\u00a0(encanto nost\u00e1lgico, estilo moderno). Dise\u00f1ado para calzado infantil, material escolar y estructuras de juego: combina\u00a0<strong>capricho<\/strong>\u00a0con\u00a0<strong>durabilidad a prueba de ni\u00f1os<\/strong>.<\/p>\n<p>Espesor: 0,90 mm<\/p>\n<p>Anchura: 1,37 m<\/p>\n<p>SOPORTE: ALGOD\u00d3N<\/p>\n<p>APLICACI\u00d3N: ZAPATO, BOLSO<\/p>","protected":false},"featured_media":5187,"template":"","meta":{"site-sidebar-layout":"default","site-content-layout":"","ast-site-content-layout":"default","site-content-style":"default","site-sidebar-style":"default","ast-global-header-display":"","ast-banner-title-visibility":"","ast-main-header-display":"","ast-hfb-above-header-display":"","ast-hfb-below-header-display":"","ast-hfb-mobile-header-display":"","site-post-title":"","ast-breadcrumbs-content":"","ast-featured-img":"","footer-sml-layout":"","theme-transparent-header-meta":"default","adv-header-id-meta":"","stick-header-meta":"default","header-above-stick-meta":"","header-main-stick-meta":"","header-below-stick-meta":"","astra-migrate-meta-layouts":"set","ast-page-background-enabled":"default","ast-page-background-meta":{"desktop":{"background-color":"","background-image":"","background-repeat":"repeat","background-position":"center center","background-size":"auto","background-attachment":"scroll","background-type":"","background-media":"","overlay-type":"","overlay-color":"","overlay-opacity":"","overlay-gradient":""},"tablet":{"background-color":"","background-image":"","background-repeat":"repeat","background-position":"center center","background-size":"auto","background-attachment":"scroll","background-type":"","background-media":"","overlay-type":"","overlay-color":"","overlay-opacity":"","overlay-gradient":""},"mobile":{"background-color":"","background-image":"","background-repeat":"repeat","background-position":"center center","background-size":"auto","background-attachment":"scroll","background-type":"","background-media":"","overlay-type":"","overlay-color":"","overlay-opacity":"","overlay-gradient":""}},"ast-content-background-meta":{"desktop":{"background-color":"var(--ast-global-color-5)","background-image":"","background-repeat":"repeat","background-position":"center center","background-size":"auto","background-attachment":"scroll","background-type":"","background-media":"","overlay-type":"","overlay-color":"","overlay-opacity":"","overlay-gradient":""},"tablet":{"background-color":"var(--ast-global-color-5)","background-image":"","background-repeat":"repeat","background-position":"center center","background-size":"auto","background-attachment":"scroll","background-type":"","background-media":"","overlay-type":"","overlay-color":"","overlay-opacity":"","overlay-gradient":""},"mobile":{"background-color":"var(--ast-global-color-5)","background-image":"","background-repeat":"repeat","background-position":"center center","background-size":"auto","background-attachment":"scroll","background-type":"","background-media":"","overlay-type":"","overlay-color":"","overlay-opacity":"","overlay-gradient":""}}},"product_brand":[],"product_cat":[22,66],"product_tag":[],"class_list":{"0":"post-5185","1":"product","2":"type-product","3":"status-publish","4":"has-post-thumbnail","6":"product_cat-synthetic-leather","7":"product_cat-film","8":"desktop-align-center","9":"tablet-align-center","10":"mobile-align-center","11":"ast-product-gallery-layout-vertical-slider","12":"ast-magnify-disabled","13":"ast-product-tabs-layout-horizontal","15":"first","16":"instock","17":"shipping-taxable","18":"product-type-simple"},"_links":{"self":[{"href":"https:\/\/www.wzouzhuo.com\/es\/wp-json\/wp\/v2\/product\/5185","targetHints":{"allow":["GET"]}}],"collection":[{"href":"https:\/\/www.wzouzhuo.com\/es\/wp-json\/wp\/v2\/product"}],"about":[{"href":"https:\/\/www.wzouzhuo.com\/es\/wp-json\/wp\/v2\/types\/product"}],"version-history":[{"count":1,"href":"https:\/\/www.wzouzhuo.com\/es\/wp-json\/wp\/v2\/product\/5185\/revisions"}],"predecessor-version":[{"id":5189,"href":"https:\/\/www.wzouzhuo.com\/es\/wp-json\/wp\/v2\/product\/5185\/revisions\/5189"}],"wp:featuredmedia":[{"embeddable":true,"href":"https:\/\/www.wzouzhuo.com\/es\/wp-json\/wp\/v2\/media\/5187"}],"wp:attachment":[{"href":"https:\/\/www.wzouzhuo.com\/es\/wp-json\/wp\/v2\/media?parent=5185"}],"wp:term":[{"taxonomy":"product_brand","embeddable":true,"href":"https:\/\/www.wzouzhuo.com\/es\/wp-json\/wp\/v2\/product_brand?post=5185"},{"taxonomy":"product_cat","embeddable":true,"href":"https:\/\/www.wzouzhuo.com\/es\/wp-json\/wp\/v2\/product_cat?post=5185"},{"taxonomy":"product_tag","embeddable":true,"href":"https:\/\/www.wzouzhuo.com\/es\/wp-json\/wp\/v2\/product_tag?post=5185"}],"curies":[{"name":"wp","href":"https:\/\/api.w.org\/{rel}","templated":true}]}}