{"id":5175,"date":"2025-03-02T13:21:38","date_gmt":"2025-03-02T13:21:38","guid":{"rendered":"https:\/\/www.wzouzhuo.com\/?post_type=product&#038;p=5175"},"modified":"2025-03-02T13:21:38","modified_gmt":"2025-03-02T13:21:38","slug":"oz-8118-premium-laminate","status":"publish","type":"product","link":"https:\/\/www.wzouzhuo.com\/es\/product\/oz-8118-laminado-premium\/","title":{"rendered":"OZ-8118 Laminado Premium"},"content":{"rendered":"<p>OZ-8118, se basa en el laminado PU Base con pel\u00edcula de PVC. Su textura tridimensional en relieve de cocodrilo crea una profundidad visual ergon\u00f3mica, mientras que la variante insignia Color 03 utiliza la tecnolog\u00eda de degradado prism\u00e1tico para conseguir una iridiscencia celestial.<br \/>\nCon un \u00edndice de adhesi\u00f3n de 92% en superficies compuestas, este laminado decorativo da servicio actualmente a tres mercados principales: calzado infantil (\u00edndice de adopci\u00f3n de 38%), accesorios para bolsos (45%) y marroquiner\u00eda de primera calidad, con m\u00e1s de 12 opciones de personalizaci\u00f3n de materiales.<\/p>","protected":false},"excerpt":{"rendered":"<p><strong>Base de PU\/PVC<\/strong>\u00a0+\u00a0<strong>Textura de cocodrilo en 3D<\/strong>\u00a0(profundidad ergon\u00f3mica) +\u00a0<strong>tecnolog\u00eda de gradiente prism\u00e1tico<\/strong>\u00a0(brillo celeste).\u00a0<strong>Tasa de adherencia 92%<\/strong>\u00a0-\u00a0<strong>M\u00e1s de 12 variantes personalizables<\/strong>. La mejor elecci\u00f3n para calzado infantil (adopci\u00f3n de 38%), bolsos (45%) y art\u00edculos de cuero de lujo: combina una gran durabilidad con una elegancia c\u00f3smica.<\/p>\n<p>Espesor: 0,90 mm<\/p>\n<p>Anchura: 1,37 m<\/p>\n<p>SOPORTE: ALGOD\u00d3N<\/p>\n<p>APLICACI\u00d3N: ZAPATO, BOLSO<\/p>","protected":false},"featured_media":5176,"template":"","meta":{"site-sidebar-layout":"default","site-content-layout":"","ast-site-content-layout":"default","site-content-style":"default","site-sidebar-style":"default","ast-global-header-display":"","ast-banner-title-visibility":"","ast-main-header-display":"","ast-hfb-above-header-display":"","ast-hfb-below-header-display":"","ast-hfb-mobile-header-display":"","site-post-title":"","ast-breadcrumbs-content":"","ast-featured-img":"","footer-sml-layout":"","theme-transparent-header-meta":"default","adv-header-id-meta":"","stick-header-meta":"default","header-above-stick-meta":"","header-main-stick-meta":"","header-below-stick-meta":"","astra-migrate-meta-layouts":"set","ast-page-background-enabled":"default","ast-page-background-meta":{"desktop":{"background-color":"","background-image":"","background-repeat":"repeat","background-position":"center center","background-size":"auto","background-attachment":"scroll","background-type":"","background-media":"","overlay-type":"","overlay-color":"","overlay-opacity":"","overlay-gradient":""},"tablet":{"background-color":"","background-image":"","background-repeat":"repeat","background-position":"center center","background-size":"auto","background-attachment":"scroll","background-type":"","background-media":"","overlay-type":"","overlay-color":"","overlay-opacity":"","overlay-gradient":""},"mobile":{"background-color":"","background-image":"","background-repeat":"repeat","background-position":"center center","background-size":"auto","background-attachment":"scroll","background-type":"","background-media":"","overlay-type":"","overlay-color":"","overlay-opacity":"","overlay-gradient":""}},"ast-content-background-meta":{"desktop":{"background-color":"var(--ast-global-color-5)","background-image":"","background-repeat":"repeat","background-position":"center center","background-size":"auto","background-attachment":"scroll","background-type":"","background-media":"","overlay-type":"","overlay-color":"","overlay-opacity":"","overlay-gradient":""},"tablet":{"background-color":"var(--ast-global-color-5)","background-image":"","background-repeat":"repeat","background-position":"center center","background-size":"auto","background-attachment":"scroll","background-type":"","background-media":"","overlay-type":"","overlay-color":"","overlay-opacity":"","overlay-gradient":""},"mobile":{"background-color":"var(--ast-global-color-5)","background-image":"","background-repeat":"repeat","background-position":"center center","background-size":"auto","background-attachment":"scroll","background-type":"","background-media":"","overlay-type":"","overlay-color":"","overlay-opacity":"","overlay-gradient":""}}},"product_brand":[],"product_cat":[22,66],"product_tag":[],"class_list":{"0":"post-5175","1":"product","2":"type-product","3":"status-publish","4":"has-post-thumbnail","6":"product_cat-synthetic-leather","7":"product_cat-film","8":"desktop-align-center","9":"tablet-align-center","10":"mobile-align-center","11":"ast-product-gallery-layout-vertical-slider","12":"ast-magnify-disabled","13":"ast-product-tabs-layout-horizontal","15":"first","16":"instock","17":"shipping-taxable","18":"product-type-simple"},"_links":{"self":[{"href":"https:\/\/www.wzouzhuo.com\/es\/wp-json\/wp\/v2\/product\/5175","targetHints":{"allow":["GET"]}}],"collection":[{"href":"https:\/\/www.wzouzhuo.com\/es\/wp-json\/wp\/v2\/product"}],"about":[{"href":"https:\/\/www.wzouzhuo.com\/es\/wp-json\/wp\/v2\/types\/product"}],"version-history":[{"count":1,"href":"https:\/\/www.wzouzhuo.com\/es\/wp-json\/wp\/v2\/product\/5175\/revisions"}],"predecessor-version":[{"id":5179,"href":"https:\/\/www.wzouzhuo.com\/es\/wp-json\/wp\/v2\/product\/5175\/revisions\/5179"}],"wp:featuredmedia":[{"embeddable":true,"href":"https:\/\/www.wzouzhuo.com\/es\/wp-json\/wp\/v2\/media\/5176"}],"wp:attachment":[{"href":"https:\/\/www.wzouzhuo.com\/es\/wp-json\/wp\/v2\/media?parent=5175"}],"wp:term":[{"taxonomy":"product_brand","embeddable":true,"href":"https:\/\/www.wzouzhuo.com\/es\/wp-json\/wp\/v2\/product_brand?post=5175"},{"taxonomy":"product_cat","embeddable":true,"href":"https:\/\/www.wzouzhuo.com\/es\/wp-json\/wp\/v2\/product_cat?post=5175"},{"taxonomy":"product_tag","embeddable":true,"href":"https:\/\/www.wzouzhuo.com\/es\/wp-json\/wp\/v2\/product_tag?post=5175"}],"curies":[{"name":"wp","href":"https:\/\/api.w.org\/{rel}","templated":true}]}}