{"id":5165,"date":"2025-03-02T13:09:02","date_gmt":"2025-03-02T13:09:02","guid":{"rendered":"https:\/\/www.wzouzhuo.com\/?post_type=product&#038;p=5165"},"modified":"2025-03-02T13:09:02","modified_gmt":"2025-03-02T13:09:02","slug":"oz-8109-prismatic-material","status":"publish","type":"product","link":"https:\/\/www.wzouzhuo.com\/es\/product\/oz-8109-material-prismatico\/","title":{"rendered":"OZ-8109 Material prism\u00e1tico"},"content":{"rendered":"<p>OZ-8109, combina un laminado de base de poliuretano (PU) y un compuesto de pel\u00edcula de cloruro de polivinilo (PVC), con una superficie microestampada de motivos circulares alineados con precisi\u00f3n.  Esta innovadora estructura genera efectos prism\u00e1ticos din\u00e1micos que emiten un cautivador brillo crom\u00e1tico en condiciones de iluminaci\u00f3n ambiental.<br \/>\nEsta soluci\u00f3n decorativa superventas adorna m\u00e1s de 2,5 millones de productos al a\u00f1o, desde los primeros zapatos de los ni\u00f1os hasta las colecciones de bolsos de lujo, convirti\u00e9ndose en un elemento emblem\u00e1tico del dise\u00f1o moderno de accesorios.<\/p>","protected":false},"excerpt":{"rendered":"<p><strong>Compuesto de PU\/PVC<\/strong>\u00a0(duradero) +\u00a0<strong>motivos circulares microestampados<\/strong>\u00a0(refracci\u00f3n de la luz, brillo del arco iris). Adorna m\u00e1s de 2,5 millones de productos al a\u00f1o -desde zapatos para ni\u00f1os hasta bolsos de lujo- con un deslumbrante encanto crom\u00e1tico.<\/p>\n<p>Espesor: 0,90 mm<\/p>\n<p>Anchura: 1,37 m<\/p>\n<p>SOPORTE: ALGOD\u00d3N<\/p>\n<p>APLICACI\u00d3N: ZAPATO, BOLSO<\/p>","protected":false},"featured_media":5166,"template":"","meta":{"site-sidebar-layout":"default","site-content-layout":"","ast-site-content-layout":"default","site-content-style":"default","site-sidebar-style":"default","ast-global-header-display":"","ast-banner-title-visibility":"","ast-main-header-display":"","ast-hfb-above-header-display":"","ast-hfb-below-header-display":"","ast-hfb-mobile-header-display":"","site-post-title":"","ast-breadcrumbs-content":"","ast-featured-img":"","footer-sml-layout":"","theme-transparent-header-meta":"default","adv-header-id-meta":"","stick-header-meta":"default","header-above-stick-meta":"","header-main-stick-meta":"","header-below-stick-meta":"","astra-migrate-meta-layouts":"set","ast-page-background-enabled":"default","ast-page-background-meta":{"desktop":{"background-color":"","background-image":"","background-repeat":"repeat","background-position":"center center","background-size":"auto","background-attachment":"scroll","background-type":"","background-media":"","overlay-type":"","overlay-color":"","overlay-opacity":"","overlay-gradient":""},"tablet":{"background-color":"","background-image":"","background-repeat":"repeat","background-position":"center center","background-size":"auto","background-attachment":"scroll","background-type":"","background-media":"","overlay-type":"","overlay-color":"","overlay-opacity":"","overlay-gradient":""},"mobile":{"background-color":"","background-image":"","background-repeat":"repeat","background-position":"center center","background-size":"auto","background-attachment":"scroll","background-type":"","background-media":"","overlay-type":"","overlay-color":"","overlay-opacity":"","overlay-gradient":""}},"ast-content-background-meta":{"desktop":{"background-color":"var(--ast-global-color-5)","background-image":"","background-repeat":"repeat","background-position":"center center","background-size":"auto","background-attachment":"scroll","background-type":"","background-media":"","overlay-type":"","overlay-color":"","overlay-opacity":"","overlay-gradient":""},"tablet":{"background-color":"var(--ast-global-color-5)","background-image":"","background-repeat":"repeat","background-position":"center center","background-size":"auto","background-attachment":"scroll","background-type":"","background-media":"","overlay-type":"","overlay-color":"","overlay-opacity":"","overlay-gradient":""},"mobile":{"background-color":"var(--ast-global-color-5)","background-image":"","background-repeat":"repeat","background-position":"center center","background-size":"auto","background-attachment":"scroll","background-type":"","background-media":"","overlay-type":"","overlay-color":"","overlay-opacity":"","overlay-gradient":""}}},"product_brand":[],"product_cat":[22,66],"product_tag":[],"class_list":{"0":"post-5165","1":"product","2":"type-product","3":"status-publish","4":"has-post-thumbnail","6":"product_cat-synthetic-leather","7":"product_cat-film","8":"desktop-align-center","9":"tablet-align-center","10":"mobile-align-center","11":"ast-product-gallery-layout-vertical-slider","12":"ast-magnify-disabled","13":"ast-product-tabs-layout-horizontal","15":"first","16":"instock","17":"shipping-taxable","18":"product-type-simple"},"_links":{"self":[{"href":"https:\/\/www.wzouzhuo.com\/es\/wp-json\/wp\/v2\/product\/5165","targetHints":{"allow":["GET"]}}],"collection":[{"href":"https:\/\/www.wzouzhuo.com\/es\/wp-json\/wp\/v2\/product"}],"about":[{"href":"https:\/\/www.wzouzhuo.com\/es\/wp-json\/wp\/v2\/types\/product"}],"version-history":[{"count":1,"href":"https:\/\/www.wzouzhuo.com\/es\/wp-json\/wp\/v2\/product\/5165\/revisions"}],"predecessor-version":[{"id":5169,"href":"https:\/\/www.wzouzhuo.com\/es\/wp-json\/wp\/v2\/product\/5165\/revisions\/5169"}],"wp:featuredmedia":[{"embeddable":true,"href":"https:\/\/www.wzouzhuo.com\/es\/wp-json\/wp\/v2\/media\/5166"}],"wp:attachment":[{"href":"https:\/\/www.wzouzhuo.com\/es\/wp-json\/wp\/v2\/media?parent=5165"}],"wp:term":[{"taxonomy":"product_brand","embeddable":true,"href":"https:\/\/www.wzouzhuo.com\/es\/wp-json\/wp\/v2\/product_brand?post=5165"},{"taxonomy":"product_cat","embeddable":true,"href":"https:\/\/www.wzouzhuo.com\/es\/wp-json\/wp\/v2\/product_cat?post=5165"},{"taxonomy":"product_tag","embeddable":true,"href":"https:\/\/www.wzouzhuo.com\/es\/wp-json\/wp\/v2\/product_tag?post=5165"}],"curies":[{"name":"wp","href":"https:\/\/api.w.org\/{rel}","templated":true}]}}