{"id":5129,"date":"2025-03-02T06:22:42","date_gmt":"2025-03-02T06:22:42","guid":{"rendered":"https:\/\/www.wzouzhuo.com\/?post_type=product&#038;p=5129"},"modified":"2025-03-02T06:22:42","modified_gmt":"2025-03-02T06:22:42","slug":"oz-6008-feminine-shoe-accent","status":"publish","type":"product","link":"https:\/\/www.wzouzhuo.com\/es\/product\/oz-6008-acento-zapato-femenino\/","title":{"rendered":"OZ-6008 Acento zapato femenino"},"content":{"rendered":"<p>La OZ-6008 utiliza ante como tejido base, con una superficie afelpada que resulta incre\u00edblemente c\u00f3moda y agradable para la piel. A continuaci\u00f3n, se imprime un estampado de leopardo en la superficie, que confiere al producto un encanto femenino inconfundible. Por \u00faltimo, se colocan piedras de estr\u00e1s, creando un aspecto de capas ricas que confieren a la superficie un efecto magn\u00edfico y lujoso.<\/p>\n<p>Gracias a su superficie con efecto de estampado de leopardo, este producto se utiliza mucho en el calzado femenino y transmite una sensaci\u00f3n de lujo y encanto.<\/p>","protected":false},"excerpt":{"rendered":"<p><strong>Base de ante afelpado<\/strong>\u00a0(ultrasuave) +\u00a0<strong>atrevidos estampados de leopardo<\/strong>\u00a0+\u00a0<strong>detalles de strass<\/strong>\u00a0(lujo en capas). Dise\u00f1ado para el calzado femenino, combina una elegancia salvaje con una comodidad suntuosa. Ideal para tacones llamativos, ropa de noche o conjuntos de moda atrevidos.<\/p>\n<p>Espesor: 150G<\/p>\n<p>Anchura: 1,37 m<\/p>\n<p>SOPORTE: SUEDE<\/p>\n<p>APLICACI\u00d3N: ZAPATO<\/p>","protected":false},"featured_media":5130,"template":"","meta":{"site-sidebar-layout":"default","site-content-layout":"","ast-site-content-layout":"default","site-content-style":"default","site-sidebar-style":"default","ast-global-header-display":"","ast-banner-title-visibility":"","ast-main-header-display":"","ast-hfb-above-header-display":"","ast-hfb-below-header-display":"","ast-hfb-mobile-header-display":"","site-post-title":"","ast-breadcrumbs-content":"","ast-featured-img":"","footer-sml-layout":"","theme-transparent-header-meta":"default","adv-header-id-meta":"","stick-header-meta":"default","header-above-stick-meta":"","header-main-stick-meta":"","header-below-stick-meta":"","astra-migrate-meta-layouts":"set","ast-page-background-enabled":"default","ast-page-background-meta":{"desktop":{"background-color":"","background-image":"","background-repeat":"repeat","background-position":"center center","background-size":"auto","background-attachment":"scroll","background-type":"","background-media":"","overlay-type":"","overlay-color":"","overlay-opacity":"","overlay-gradient":""},"tablet":{"background-color":"","background-image":"","background-repeat":"repeat","background-position":"center center","background-size":"auto","background-attachment":"scroll","background-type":"","background-media":"","overlay-type":"","overlay-color":"","overlay-opacity":"","overlay-gradient":""},"mobile":{"background-color":"","background-image":"","background-repeat":"repeat","background-position":"center center","background-size":"auto","background-attachment":"scroll","background-type":"","background-media":"","overlay-type":"","overlay-color":"","overlay-opacity":"","overlay-gradient":""}},"ast-content-background-meta":{"desktop":{"background-color":"var(--ast-global-color-5)","background-image":"","background-repeat":"repeat","background-position":"center center","background-size":"auto","background-attachment":"scroll","background-type":"","background-media":"","overlay-type":"","overlay-color":"","overlay-opacity":"","overlay-gradient":""},"tablet":{"background-color":"var(--ast-global-color-5)","background-image":"","background-repeat":"repeat","background-position":"center center","background-size":"auto","background-attachment":"scroll","background-type":"","background-media":"","overlay-type":"","overlay-color":"","overlay-opacity":"","overlay-gradient":""},"mobile":{"background-color":"var(--ast-global-color-5)","background-image":"","background-repeat":"repeat","background-position":"center center","background-size":"auto","background-attachment":"scroll","background-type":"","background-media":"","overlay-type":"","overlay-color":"","overlay-opacity":"","overlay-gradient":""}}},"product_brand":[],"product_cat":[57,70],"product_tag":[],"class_list":{"0":"post-5129","1":"product","2":"type-product","3":"status-publish","4":"has-post-thumbnail","6":"product_cat-textile","7":"product_cat-suede","8":"desktop-align-center","9":"tablet-align-center","10":"mobile-align-center","11":"ast-product-gallery-layout-vertical-slider","12":"ast-magnify-disabled","13":"ast-product-tabs-layout-horizontal","15":"first","16":"instock","17":"shipping-taxable","18":"product-type-simple"},"_links":{"self":[{"href":"https:\/\/www.wzouzhuo.com\/es\/wp-json\/wp\/v2\/product\/5129","targetHints":{"allow":["GET"]}}],"collection":[{"href":"https:\/\/www.wzouzhuo.com\/es\/wp-json\/wp\/v2\/product"}],"about":[{"href":"https:\/\/www.wzouzhuo.com\/es\/wp-json\/wp\/v2\/types\/product"}],"version-history":[{"count":1,"href":"https:\/\/www.wzouzhuo.com\/es\/wp-json\/wp\/v2\/product\/5129\/revisions"}],"predecessor-version":[{"id":5133,"href":"https:\/\/www.wzouzhuo.com\/es\/wp-json\/wp\/v2\/product\/5129\/revisions\/5133"}],"wp:featuredmedia":[{"embeddable":true,"href":"https:\/\/www.wzouzhuo.com\/es\/wp-json\/wp\/v2\/media\/5130"}],"wp:attachment":[{"href":"https:\/\/www.wzouzhuo.com\/es\/wp-json\/wp\/v2\/media?parent=5129"}],"wp:term":[{"taxonomy":"product_brand","embeddable":true,"href":"https:\/\/www.wzouzhuo.com\/es\/wp-json\/wp\/v2\/product_brand?post=5129"},{"taxonomy":"product_cat","embeddable":true,"href":"https:\/\/www.wzouzhuo.com\/es\/wp-json\/wp\/v2\/product_cat?post=5129"},{"taxonomy":"product_tag","embeddable":true,"href":"https:\/\/www.wzouzhuo.com\/es\/wp-json\/wp\/v2\/product_tag?post=5129"}],"curies":[{"name":"wp","href":"https:\/\/api.w.org\/{rel}","templated":true}]}}