{"id":5119,"date":"2025-03-02T06:14:20","date_gmt":"2025-03-02T06:14:20","guid":{"rendered":"https:\/\/www.wzouzhuo.com\/?post_type=product&#038;p=5119"},"modified":"2025-03-02T06:14:20","modified_gmt":"2025-03-02T06:14:20","slug":"oz-6007-luxury-shoe-accent","status":"publish","type":"product","link":"https:\/\/www.wzouzhuo.com\/es\/product\/oz-6007-acento-de-lujo-para-calzado\/","title":{"rendered":"OZ-6007 Acento de lujo para zapatos"},"content":{"rendered":"<p>El modelo OZ-6007 tiene ante como tejido base, con una superficie aterciopelada que ofrece una comodidad excepcional y un tacto agradable para la piel. Sobre ella se imprimen motivos y luego se aplica pedrer\u00eda. El resultado es un aspecto ricamente estratificado, que dota a la superficie de un efecto magn\u00edfico y lujoso.<\/p>\n<p>Este producto, elaborado con un toque de elegancia femenina, est\u00e1 dise\u00f1ado espec\u00edficamente para el calzado de mujer. Es exquisitamente adecuado para una amplia gama de grandes ocasiones glamurosas y sofisticadas.<\/p>","protected":false},"excerpt":{"rendered":"<p><strong>Base de ante<\/strong>\u00a0(aterciopelado, suave como la piel) +\u00a0<strong>patrones impresos<\/strong>\u00a0+\u00a0<strong>detalles de strass<\/strong>\u00a0(opulencia multicapa). Dise\u00f1ado para el calzado formal femenino, perfecto para bodas, galas o eventos de lujo. La elegancia sin esfuerzo se combina con un confort de primera.<\/p>\n<p>Espesor: 150G<\/p>\n<p>Anchura: 1,37 m<\/p>\n<p>SOPORTE: SUEDE<\/p>\n<p>APLICACI\u00d3N: ZAPATO<\/p>","protected":false},"featured_media":5120,"template":"","meta":{"site-sidebar-layout":"default","site-content-layout":"","ast-site-content-layout":"default","site-content-style":"default","site-sidebar-style":"default","ast-global-header-display":"","ast-banner-title-visibility":"","ast-main-header-display":"","ast-hfb-above-header-display":"","ast-hfb-below-header-display":"","ast-hfb-mobile-header-display":"","site-post-title":"","ast-breadcrumbs-content":"","ast-featured-img":"","footer-sml-layout":"","theme-transparent-header-meta":"default","adv-header-id-meta":"","stick-header-meta":"default","header-above-stick-meta":"","header-main-stick-meta":"","header-below-stick-meta":"","astra-migrate-meta-layouts":"set","ast-page-background-enabled":"default","ast-page-background-meta":{"desktop":{"background-color":"","background-image":"","background-repeat":"repeat","background-position":"center center","background-size":"auto","background-attachment":"scroll","background-type":"","background-media":"","overlay-type":"","overlay-color":"","overlay-opacity":"","overlay-gradient":""},"tablet":{"background-color":"","background-image":"","background-repeat":"repeat","background-position":"center center","background-size":"auto","background-attachment":"scroll","background-type":"","background-media":"","overlay-type":"","overlay-color":"","overlay-opacity":"","overlay-gradient":""},"mobile":{"background-color":"","background-image":"","background-repeat":"repeat","background-position":"center center","background-size":"auto","background-attachment":"scroll","background-type":"","background-media":"","overlay-type":"","overlay-color":"","overlay-opacity":"","overlay-gradient":""}},"ast-content-background-meta":{"desktop":{"background-color":"var(--ast-global-color-5)","background-image":"","background-repeat":"repeat","background-position":"center center","background-size":"auto","background-attachment":"scroll","background-type":"","background-media":"","overlay-type":"","overlay-color":"","overlay-opacity":"","overlay-gradient":""},"tablet":{"background-color":"var(--ast-global-color-5)","background-image":"","background-repeat":"repeat","background-position":"center center","background-size":"auto","background-attachment":"scroll","background-type":"","background-media":"","overlay-type":"","overlay-color":"","overlay-opacity":"","overlay-gradient":""},"mobile":{"background-color":"var(--ast-global-color-5)","background-image":"","background-repeat":"repeat","background-position":"center center","background-size":"auto","background-attachment":"scroll","background-type":"","background-media":"","overlay-type":"","overlay-color":"","overlay-opacity":"","overlay-gradient":""}}},"product_brand":[],"product_cat":[57,70],"product_tag":[],"class_list":{"0":"post-5119","1":"product","2":"type-product","3":"status-publish","4":"has-post-thumbnail","6":"product_cat-textile","7":"product_cat-suede","8":"desktop-align-center","9":"tablet-align-center","10":"mobile-align-center","11":"ast-product-gallery-layout-vertical-slider","12":"ast-magnify-disabled","13":"ast-product-tabs-layout-horizontal","15":"first","16":"instock","17":"shipping-taxable","18":"product-type-simple"},"_links":{"self":[{"href":"https:\/\/www.wzouzhuo.com\/es\/wp-json\/wp\/v2\/product\/5119","targetHints":{"allow":["GET"]}}],"collection":[{"href":"https:\/\/www.wzouzhuo.com\/es\/wp-json\/wp\/v2\/product"}],"about":[{"href":"https:\/\/www.wzouzhuo.com\/es\/wp-json\/wp\/v2\/types\/product"}],"version-history":[{"count":1,"href":"https:\/\/www.wzouzhuo.com\/es\/wp-json\/wp\/v2\/product\/5119\/revisions"}],"predecessor-version":[{"id":5123,"href":"https:\/\/www.wzouzhuo.com\/es\/wp-json\/wp\/v2\/product\/5119\/revisions\/5123"}],"wp:featuredmedia":[{"embeddable":true,"href":"https:\/\/www.wzouzhuo.com\/es\/wp-json\/wp\/v2\/media\/5120"}],"wp:attachment":[{"href":"https:\/\/www.wzouzhuo.com\/es\/wp-json\/wp\/v2\/media?parent=5119"}],"wp:term":[{"taxonomy":"product_brand","embeddable":true,"href":"https:\/\/www.wzouzhuo.com\/es\/wp-json\/wp\/v2\/product_brand?post=5119"},{"taxonomy":"product_cat","embeddable":true,"href":"https:\/\/www.wzouzhuo.com\/es\/wp-json\/wp\/v2\/product_cat?post=5119"},{"taxonomy":"product_tag","embeddable":true,"href":"https:\/\/www.wzouzhuo.com\/es\/wp-json\/wp\/v2\/product_tag?post=5119"}],"curies":[{"name":"wp","href":"https:\/\/api.w.org\/{rel}","templated":true}]}}