{"id":5051,"date":"2025-03-02T02:20:06","date_gmt":"2025-03-02T02:20:06","guid":{"rendered":"https:\/\/www.wzouzhuo.com\/?post_type=product&#038;p=5051"},"modified":"2025-04-28T06:00:33","modified_gmt":"2025-04-28T06:00:33","slug":"5051","status":"publish","type":"product","link":"https:\/\/www.wzouzhuo.com\/es\/product\/5051\/","title":{"rendered":"OZ-8403 Adorno para bolso de primavera"},"content":{"rendered":"<p>OZ-8403, utiliza un sustrato de PVC transparente como capa base. La superficie est\u00e1 meticulosamente estratificada con dise\u00f1os impresos digitalmente y texturas grabadas con l\u00e1ser, creando una experiencia visual multidimensional. Al esculpir una serie de flores y ramitas de sauce en la superficie, el dise\u00f1ador crea la impresi\u00f3n de que ha llegado la primavera.<\/p>\n<p>OZ-8403 es la elecci\u00f3n perfecta para los elegantes bolsos de primavera. Este producto infunde a cada dise\u00f1o un toque vibrante y animado, insuflando vida a cada creaci\u00f3n y convirti\u00e9ndolo en un elemento imprescindible para a\u00f1adir un refrescante toque primaveral.<\/p>","protected":false},"excerpt":{"rendered":"<p>Fabricado con un\u00a0<strong>base de PVC transparente<\/strong>\u00a0(duradero y ligero), con capas de\u00a0<strong>impresiones digitales<\/strong>\u00a0y\u00a0<strong>texturas florales grabadas con l\u00e1ser<\/strong>\u00a0(profundidad 3D, dise\u00f1o inspirado en la primavera). Los detalles vibrantes y realistas realzan al instante los bolsos o los accesorios de temporada. Imprescindible para un estilo fresco y din\u00e1mico.<\/p>\n<p>Espesor: 0,70 mm<\/p>\n<p>Anchura: 1,37 m<\/p>\n<p>FONDO: PVC<\/p>\n<p>APLICACI\u00d3N: BOLSO, DECORACI\u00d3N<\/p>","protected":false},"featured_media":5039,"template":"","meta":{"site-sidebar-layout":"default","site-content-layout":"","ast-site-content-layout":"default","site-content-style":"default","site-sidebar-style":"default","ast-global-header-display":"","ast-banner-title-visibility":"","ast-main-header-display":"","ast-hfb-above-header-display":"","ast-hfb-below-header-display":"","ast-hfb-mobile-header-display":"","site-post-title":"","ast-breadcrumbs-content":"","ast-featured-img":"","footer-sml-layout":"","theme-transparent-header-meta":"default","adv-header-id-meta":"","stick-header-meta":"default","header-above-stick-meta":"","header-main-stick-meta":"","header-below-stick-meta":"","astra-migrate-meta-layouts":"set","ast-page-background-enabled":"default","ast-page-background-meta":{"desktop":{"background-color":"","background-image":"","background-repeat":"repeat","background-position":"center center","background-size":"auto","background-attachment":"scroll","background-type":"","background-media":"","overlay-type":"","overlay-color":"","overlay-opacity":"","overlay-gradient":""},"tablet":{"background-color":"","background-image":"","background-repeat":"repeat","background-position":"center center","background-size":"auto","background-attachment":"scroll","background-type":"","background-media":"","overlay-type":"","overlay-color":"","overlay-opacity":"","overlay-gradient":""},"mobile":{"background-color":"","background-image":"","background-repeat":"repeat","background-position":"center center","background-size":"auto","background-attachment":"scroll","background-type":"","background-media":"","overlay-type":"","overlay-color":"","overlay-opacity":"","overlay-gradient":""}},"ast-content-background-meta":{"desktop":{"background-color":"var(--ast-global-color-5)","background-image":"","background-repeat":"repeat","background-position":"center center","background-size":"auto","background-attachment":"scroll","background-type":"","background-media":"","overlay-type":"","overlay-color":"","overlay-opacity":"","overlay-gradient":""},"tablet":{"background-color":"var(--ast-global-color-5)","background-image":"","background-repeat":"repeat","background-position":"center center","background-size":"auto","background-attachment":"scroll","background-type":"","background-media":"","overlay-type":"","overlay-color":"","overlay-opacity":"","overlay-gradient":""},"mobile":{"background-color":"var(--ast-global-color-5)","background-image":"","background-repeat":"repeat","background-position":"center center","background-size":"auto","background-attachment":"scroll","background-type":"","background-media":"","overlay-type":"","overlay-color":"","overlay-opacity":"","overlay-gradient":""}}},"product_brand":[],"product_cat":[63],"product_tag":[],"class_list":{"0":"post-5051","1":"product","2":"type-product","3":"status-publish","4":"has-post-thumbnail","6":"product_cat-accessories","7":"desktop-align-center","8":"tablet-align-center","9":"mobile-align-center","10":"ast-product-gallery-layout-vertical-slider","11":"ast-magnify-disabled","12":"ast-product-tabs-layout-horizontal","14":"first","15":"instock","16":"shipping-taxable","17":"product-type-simple"},"_links":{"self":[{"href":"https:\/\/www.wzouzhuo.com\/es\/wp-json\/wp\/v2\/product\/5051","targetHints":{"allow":["GET"]}}],"collection":[{"href":"https:\/\/www.wzouzhuo.com\/es\/wp-json\/wp\/v2\/product"}],"about":[{"href":"https:\/\/www.wzouzhuo.com\/es\/wp-json\/wp\/v2\/types\/product"}],"version-history":[{"count":3,"href":"https:\/\/www.wzouzhuo.com\/es\/wp-json\/wp\/v2\/product\/5051\/revisions"}],"predecessor-version":[{"id":5109,"href":"https:\/\/www.wzouzhuo.com\/es\/wp-json\/wp\/v2\/product\/5051\/revisions\/5109"}],"wp:featuredmedia":[{"embeddable":true,"href":"https:\/\/www.wzouzhuo.com\/es\/wp-json\/wp\/v2\/media\/5039"}],"wp:attachment":[{"href":"https:\/\/www.wzouzhuo.com\/es\/wp-json\/wp\/v2\/media?parent=5051"}],"wp:term":[{"taxonomy":"product_brand","embeddable":true,"href":"https:\/\/www.wzouzhuo.com\/es\/wp-json\/wp\/v2\/product_brand?post=5051"},{"taxonomy":"product_cat","embeddable":true,"href":"https:\/\/www.wzouzhuo.com\/es\/wp-json\/wp\/v2\/product_cat?post=5051"},{"taxonomy":"product_tag","embeddable":true,"href":"https:\/\/www.wzouzhuo.com\/es\/wp-json\/wp\/v2\/product_tag?post=5051"}],"curies":[{"name":"wp","href":"https:\/\/api.w.org\/{rel}","templated":true}]}}